{"id":4792,"date":"2023-06-29T14:18:40","date_gmt":"2023-06-29T14:18:40","guid":{"rendered":"https:\/\/shop.talosa.it\/privacy-policy\/"},"modified":"2023-06-29T14:18:40","modified_gmt":"2023-06-29T14:18:40","slug":"privacy-policy","status":"publish","type":"page","link":"https:\/\/shop.talosa.it\/en\/privacy-policy\/","title":{"rendered":"Privacy Policy"},"content":{"rendered":"\n<h1 class=\"wp-block-heading\">Privacy Policy di\u00a0<strong>shop.talosa.it<\/strong><\/h1>\n\n\n\n<p>Questo Sito Web raccoglie alcuni Dati Personali dei propri Utenti.<\/p>\n\n\n\n<h2 class=\"wp-block-heading\" id=\"purposes_data\">Dati Personali trattati per le seguenti finalit\u00e0 e utilizzando i seguenti servizi:<\/h2>\n\n\n\n<ul class=\"wp-block-list\">\n<li>Gestione contatti e invio di messaggi\n<ul class=\"wp-block-list\">\n<li>MailchimpDati Personali: email<\/li>\n<\/ul>\n<\/li>\n\n\n\n<li>Protezione dallo SPAM\n<ul class=\"wp-block-list\">\n<li>Google reCAPTCHADati Personali: clic; Dati di utilizzo; eventi keypress; eventi relativi ai sensori di movimento; eventi touch; movimenti del mouse; posizione relativa allo scorrimento; risposte alle domande; Strumenti di Tracciamento<\/li>\n<\/ul>\n<\/li>\n\n\n\n<li>Registrazione ed autenticazione fornite direttamente da questo Sito Web\n<ul class=\"wp-block-list\">\n<li>Registrazione direttaDati Personali: email<\/li>\n<\/ul>\n<\/li>\n\n\n\n<li>Statistica\n<ul class=\"wp-block-list\">\n<li>Google Analytics 4Dati Personali: citt\u00e0; Dati di utilizzo; informazioni sul browser; informazioni sul dispositivo; latitudine (della citt\u00e0); longitudine (della citt\u00e0); numero di Utenti; statistiche delle sessioni; Strumenti di Tracciamento<\/li>\n\n\n\n<li>Google Analytics con IP anonimizzatoDati Personali: Dati di utilizzo; Strumenti di Tracciamento<\/li>\n<\/ul>\n<\/li>\n\n\n\n<li>Visualizzazione di contenuti da piattaforme esterne\n<ul class=\"wp-block-list\">\n<li>Google FontsDati Personali: Dati di utilizzo; Strumenti di Tracciamento<\/li>\n<\/ul>\n<\/li>\n<\/ul>\n\n\n\n<h2 class=\"wp-block-heading\" id=\"contact_information\">Informazioni di contatto<\/h2>\n\n\n\n<ul class=\"wp-block-list\">\n<li>Titolare del Trattamento dei DatiFATTORIA DELLA TALOSA<br>Via Pietrose, 15\/A<br>53045 Montepulciano (SI) &#8211; Italia<strong>Indirizzo email del Titolare:<\/strong>&nbsp;info@talosa.it<\/li>\n<\/ul>\n\n\n\n<p>Ultima modifica: 29 giugno 2023<\/p>\n\n\n\n<p><a href=\"https:\/\/www.iubenda.com\/it\/generatore-di-privacy-e-cookie-policy\">iubenda<\/a>\u00a0ospita questo contenuto e raccoglie solo\u00a0<a href=\"https:\/\/www.iubenda.com\/privacy-policy\/19418041\">i Dati Personali strettamente necessari<\/a>\u00a0alla sua fornitura.<\/p>\n\n\n\n<p><a href=\"https:\/\/www.iubenda.com\/privacy-policy\/24217464\/legal\">Visualizza la Privacy Policy Completa<\/a><\/p>\n","protected":false},"excerpt":{"rendered":"<p>Privacy Policy di\u00a0shop.talosa.it Questo Sito Web raccoglie alcuni Dati Personali dei propri Utenti. Dati Personali trattati per le seguenti finalit\u00e0&#8230;<\/p>\n","protected":false},"author":1,"featured_media":0,"parent":0,"menu_order":0,"comment_status":"closed","ping_status":"closed","template":"","meta":{"footnotes":""},"class_list":["post-4792","page","type-page","status-publish","hentry"],"_links":{"self":[{"href":"https:\/\/shop.talosa.it\/en\/wp-json\/wp\/v2\/pages\/4792","targetHints":{"allow":["GET"]}}],"collection":[{"href":"https:\/\/shop.talosa.it\/en\/wp-json\/wp\/v2\/pages"}],"about":[{"href":"https:\/\/shop.talosa.it\/en\/wp-json\/wp\/v2\/types\/page"}],"author":[{"embeddable":true,"href":"https:\/\/shop.talosa.it\/en\/wp-json\/wp\/v2\/users\/1"}],"replies":[{"embeddable":true,"href":"https:\/\/shop.talosa.it\/en\/wp-json\/wp\/v2\/comments?post=4792"}],"version-history":[{"count":0,"href":"https:\/\/shop.talosa.it\/en\/wp-json\/wp\/v2\/pages\/4792\/revisions"}],"wp:attachment":[{"href":"https:\/\/shop.talosa.it\/en\/wp-json\/wp\/v2\/media?parent=4792"}],"curies":[{"name":"wp","href":"https:\/\/api.w.org\/{rel}","templated":true}]}}